{"id":233,"date":"2015-11-06T18:14:25","date_gmt":"2015-11-06T18:14:25","guid":{"rendered":"http:\/\/madmikel.de\/?page_id=233"},"modified":"2015-11-09T11:25:59","modified_gmt":"2015-11-09T10:25:59","slug":"reisevideos","status":"publish","type":"page","link":"https:\/\/moto-route.de\/?page_id=233","title":{"rendered":"Reisevideo`s"},"content":{"rendered":"<hr \/>\n<p><strong>Hier gibt es Videos zu meinen Touren<\/strong><\/p>\n<hr \/>\n<p>Spanien Tour 2014,<\/p>\n<p>wir sind quer durch Frankreich ans Mittelmeer durch die Pyren\u00e4en in die Bardenas Reales und \u00fcber die h\u00f6chsten P\u00e4sse der Pyren\u00e4en. Anschlie\u00dfend noch durch die Cevennen und Ardeche in die <span style=\"color: #6a6a6a;\">Provence zum Mont Ventoux. Die letzte Nacht verbrachten wir in einem einmaligen <span class=\"st\">Ch\u00e2teau<\/span> in den Rohne Alpen.<\/span><\/p>\n<p><a href=\"http:\/\/madmikel.de\/wp-content\/uploads\/2015\/11\/P1050400.jpg\"><img loading=\"lazy\" decoding=\"async\" class=\"alignnone size-medium wp-image-253\" src=\"http:\/\/madmikel.de\/wp-content\/uploads\/2015\/11\/P1050400-300x200.jpg\" alt=\"P1050400\" width=\"300\" height=\"200\" srcset=\"https:\/\/moto-route.de\/wp-content\/uploads\/2015\/11\/P1050400-300x200.jpg 300w, https:\/\/moto-route.de\/wp-content\/uploads\/2015\/11\/P1050400.jpg 1024w\" sizes=\"auto, (max-width: 300px) 100vw, 300px\" \/><\/a><\/p>\n<p>Danke an alle die dabei waren.<\/p>\n<p><iframe loading=\"lazy\" title=\"Spanien Tour 2014\" width=\"474\" height=\"267\" src=\"https:\/\/www.youtube.com\/embed\/DmTCi22T1BU?feature=oembed\" frameborder=\"0\" allow=\"accelerometer; autoplay; clipboard-write; encrypted-media; gyroscope; picture-in-picture; web-share\" referrerpolicy=\"strict-origin-when-cross-origin\" allowfullscreen><\/iframe><\/p>\n<hr \/>\n<hr \/>\n<p>Balkan 2013 Teil 1,<\/p>\n<p>der 2. Teil wird einfach nicht fertig \ud83d\ude41\u00a0 (vielleicht diesen Winter)<\/p>\n<p>Wir sind in 8 Tagen durch 7 L\u00e4nder gefahren, 4000 Km Hammer Tour mit zwei guten Freunden Dieter und Daniel.<\/p>\n<p><a href=\"http:\/\/madmikel.de\/wp-content\/uploads\/2015\/11\/P1040358.jpg\"><img loading=\"lazy\" decoding=\"async\" class=\"alignnone size-medium wp-image-255\" src=\"http:\/\/madmikel.de\/wp-content\/uploads\/2015\/11\/P1040358-300x200.jpg\" alt=\"P1040358\" width=\"300\" height=\"200\" srcset=\"https:\/\/moto-route.de\/wp-content\/uploads\/2015\/11\/P1040358-300x200.jpg 300w, https:\/\/moto-route.de\/wp-content\/uploads\/2015\/11\/P1040358.jpg 1024w\" sizes=\"auto, (max-width: 300px) 100vw, 300px\" \/><\/a><\/p>\n<p>Danke f\u00fcr die sch\u00f6nen Tage<\/p>\n<p><iframe loading=\"lazy\" title=\"Balkan Tour 2013 Teil 1\" width=\"474\" height=\"267\" src=\"https:\/\/www.youtube.com\/embed\/23WQPbBC1fg?feature=oembed\" frameborder=\"0\" allow=\"accelerometer; autoplay; clipboard-write; encrypted-media; gyroscope; picture-in-picture; web-share\" referrerpolicy=\"strict-origin-when-cross-origin\" allowfullscreen><\/iframe><\/p>\n<hr \/>\n<hr \/>\n<p>Korsika 2012,<\/p>\n<p>die erste Tour mit meiner neuen BMW R1200 GS Adv.<\/p>\n<p>Dieses mal alleine unterwegs, machte ich mich auf den Weg nach Korsika, f\u00fcr mich eigentlich die sch\u00f6nste Insel zum Motorradfahren. Danach bin ich von Nizza\u00a0\u00fcber den alten Tenda Pass Richtung Italien und \u00fcber den Col de la Lombarde wieder zur\u00fcck nach Frankreich. \u00dcber die sch\u00f6nsten und h\u00f6chsten P\u00e4sse der franz\u00f6sischen Alpen ging es dann wieder Richtung Heimat. Nat\u00fcrlich auch mal wieder \u00fcber Schotter auch zumCol de la Bonette hoch .<\/p>\n<p>Eine Traumtour<\/p>\n<p><iframe loading=\"lazy\" title=\"Korsika 2012\" width=\"474\" height=\"267\" src=\"https:\/\/www.youtube.com\/embed\/MVZO6SYaww8?feature=oembed\" frameborder=\"0\" allow=\"accelerometer; autoplay; clipboard-write; encrypted-media; gyroscope; picture-in-picture; web-share\" referrerpolicy=\"strict-origin-when-cross-origin\" allowfullscreen><\/iframe><\/p>\n<hr \/>\n<hr \/>\n<p>Route de Grandes Alpes 2012,<\/p>\n<p>Anfang Oktober 2012 machten wir uns in einer kleinen Gruppe mit Freunden auf um das tolle Herbstwetter nochmal zu genie\u00dfen. Wir befuhren die legend\u00e4re D 902 von Nord nach S\u00fcd und wieder zur\u00fcck. als Abschluss dieser Tour befuhren wir die <span style=\"color: #6a6a6a;\">Assietta<\/span>&#8211;<span style=\"color: #6a6a6a;\">Kammstra\u00dfe, 2 meiner Freunde waren mit Stra\u00dfen Maschinen, Yamaha FJR und Honda Firestorm unerschrocken dort unterwegs. Aber seht selbst&#8230;<\/span><\/p>\n<p><a href=\"http:\/\/madmikel.de\/wp-content\/uploads\/2015\/11\/Frankreich_Oktober2012-447.jpg\"><img loading=\"lazy\" decoding=\"async\" class=\"alignnone size-medium wp-image-256\" src=\"http:\/\/madmikel.de\/wp-content\/uploads\/2015\/11\/Frankreich_Oktober2012-447-300x200.jpg\" alt=\"Frankreich_Oktober2012 447\" width=\"300\" height=\"200\" srcset=\"https:\/\/moto-route.de\/wp-content\/uploads\/2015\/11\/Frankreich_Oktober2012-447-300x200.jpg 300w, https:\/\/moto-route.de\/wp-content\/uploads\/2015\/11\/Frankreich_Oktober2012-447.jpg 1024w\" sizes=\"auto, (max-width: 300px) 100vw, 300px\" \/><\/a><\/p>\n<p>Es war ein super Tour und wir hatten viel gelacht.<\/p>\n<p><iframe loading=\"lazy\" title=\"Saison Abschlu\u00dftour Oktober 2012\" width=\"474\" height=\"267\" src=\"https:\/\/www.youtube.com\/embed\/sknFpjGHE7Y?feature=oembed\" frameborder=\"0\" allow=\"accelerometer; autoplay; clipboard-write; encrypted-media; gyroscope; picture-in-picture; web-share\" referrerpolicy=\"strict-origin-when-cross-origin\" allowfullscreen><\/iframe><\/p>\n<hr \/>\n<hr \/>\n<p>Touratech Travel Event 2011,<\/p>\n<p>im Juni 2011 war ich mit meinem Freund Daniel in Niedereschach bei Touratech. Eigentlich wollten wir an Diesem Wochenende nur Motorrad fahren, so hatten wir aber ein Ziel und konnten dort im Zelt prima \u00fcbernachten. I<strong><span style=\"color: #6a6a6a;\">nteressant ist diese Veranstaltung auf jeden Fall und mittlerweile fester Bestandteil meines Terminkalenders. Hin sind wir durch den Schwarzwald zur\u00fcck durch die Vogesen.<\/span><\/strong><\/p>\n<p>Brumm&#8230;Brumm\u00a0 Sch\u00e4\u00e4 war`s<\/p>\n<p><iframe loading=\"lazy\" title=\"Touratech Travel-Event 2011\" width=\"474\" height=\"356\" src=\"https:\/\/www.youtube.com\/embed\/g3Bvm2nkOB4?feature=oembed\" frameborder=\"0\" allow=\"accelerometer; autoplay; clipboard-write; encrypted-media; gyroscope; picture-in-picture; web-share\" referrerpolicy=\"strict-origin-when-cross-origin\" allowfullscreen><\/iframe><\/p>\n<hr \/>\n<hr \/>\n<p>Saison Abschluss 2011, Gro\u00df Glockner,<\/p>\n<p>wieder mal machten wir uns in einer sehr kleinen Gruppe Anfang Oktober auf in die Alpen. Der Gro\u00df Glockner sollte dieses mal das Objekt der Begierde sein. Wir hatten wie immer Absolutes Kaiserwetter.<\/p>\n<p>Seht selbst&#8230;<\/p>\n<p><iframe loading=\"lazy\" title=\"Saisonabschlu\u00dftour Oktober 2011 Grossglockner\" width=\"474\" height=\"356\" src=\"https:\/\/www.youtube.com\/embed\/_Q3XbqHr19Y?feature=oembed\" frameborder=\"0\" allow=\"accelerometer; autoplay; clipboard-write; encrypted-media; gyroscope; picture-in-picture; web-share\" referrerpolicy=\"strict-origin-when-cross-origin\" allowfullscreen><\/iframe><\/p>\n<hr \/>\n<hr \/>\n<p>Auffahrt zum <span style=\"color: #6a6a6a;\">Col<\/span> de l&#8216;<em><span style=\"color: #6a6a6a;\">Is\u00e9ran <\/span><\/em><\/p>\n<p>Ich hatte hier noch eine &#8222;normale&#8220; Videokamera am Motorrad montiert&#8230;. deshalb die schlechte Qualit\u00e4t.<\/p>\n<p>Die Landschaft ist aber einmalig dort<\/p>\n<p><iframe loading=\"lazy\" title=\"Col de Iseran\" width=\"474\" height=\"356\" src=\"https:\/\/www.youtube.com\/embed\/CvAapzz2xwM?feature=oembed\" frameborder=\"0\" allow=\"accelerometer; autoplay; clipboard-write; encrypted-media; gyroscope; picture-in-picture; web-share\" referrerpolicy=\"strict-origin-when-cross-origin\" allowfullscreen><\/iframe><\/p>\n<p><a href=\"http:\/\/madmikel.de\/wp-content\/uploads\/2015\/11\/Sardinien-2015-436.jpg\"><img loading=\"lazy\" decoding=\"async\" class=\"alignnone wp-image-49\" src=\"http:\/\/madmikel.de\/wp-content\/uploads\/2015\/11\/Sardinien-2015-436-300x225.jpg\" alt=\"Sardinien 2015 436\" width=\"389\" height=\"291\" srcset=\"https:\/\/moto-route.de\/wp-content\/uploads\/2015\/11\/Sardinien-2015-436-300x225.jpg 300w, https:\/\/moto-route.de\/wp-content\/uploads\/2015\/11\/Sardinien-2015-436.jpg 1024w\" sizes=\"auto, (max-width: 389px) 100vw, 389px\" \/><\/a><\/p>\n<p><strong>Viel Spa\u00df\u00a0\u00a0\u00a0:-<\/strong><\/p>\n<p>&nbsp;<\/p>\n","protected":false},"excerpt":{"rendered":"<p>Hier gibt es Videos zu meinen Touren Spanien Tour 2014, wir sind quer durch Frankreich ans Mittelmeer durch die Pyren\u00e4en in die Bardenas Reales und \u00fcber die h\u00f6chsten P\u00e4sse der Pyren\u00e4en. Anschlie\u00dfend noch durch die Cevennen und Ardeche in die Provence zum Mont Ventoux. Die letzte Nacht verbrachten wir in einem einmaligen Ch\u00e2teau in den &hellip; <a href=\"https:\/\/moto-route.de\/?page_id=233\" class=\"more-link\"><span class=\"screen-reader-text\">Reisevideo`s<\/span> weiterlesen <span class=\"meta-nav\">&rarr;<\/span><\/a><\/p>\n","protected":false},"author":1,"featured_media":0,"parent":0,"menu_order":0,"comment_status":"closed","ping_status":"closed","template":"","meta":{"footnotes":""},"class_list":["post-233","page","type-page","status-publish","hentry"],"_links":{"self":[{"href":"https:\/\/moto-route.de\/index.php?rest_route=\/wp\/v2\/pages\/233","targetHints":{"allow":["GET"]}}],"collection":[{"href":"https:\/\/moto-route.de\/index.php?rest_route=\/wp\/v2\/pages"}],"about":[{"href":"https:\/\/moto-route.de\/index.php?rest_route=\/wp\/v2\/types\/page"}],"author":[{"embeddable":true,"href":"https:\/\/moto-route.de\/index.php?rest_route=\/wp\/v2\/users\/1"}],"replies":[{"embeddable":true,"href":"https:\/\/moto-route.de\/index.php?rest_route=%2Fwp%2Fv2%2Fcomments&post=233"}],"version-history":[{"count":14,"href":"https:\/\/moto-route.de\/index.php?rest_route=\/wp\/v2\/pages\/233\/revisions"}],"predecessor-version":[{"id":263,"href":"https:\/\/moto-route.de\/index.php?rest_route=\/wp\/v2\/pages\/233\/revisions\/263"}],"wp:attachment":[{"href":"https:\/\/moto-route.de\/index.php?rest_route=%2Fwp%2Fv2%2Fmedia&parent=233"}],"curies":[{"name":"wp","href":"https:\/\/api.w.org\/{rel}","templated":true}]}}