{"id":2,"date":"2015-09-16T04:24:25","date_gmt":"2015-09-16T04:24:25","guid":{"rendered":"http:\/\/wp431m.a10-52-158-154.qa.plesk.ru\/wordpress\/?page_id=2"},"modified":"2022-08-27T10:14:13","modified_gmt":"2022-08-27T09:14:13","slug":"sample-page","status":"publish","type":"page","link":"https:\/\/moto-route.de\/","title":{"rendered":"Herzlich Willkommen"},"content":{"rendered":"<p>Auf meiner Hompage<\/p>\n<p><a href=\"http:\/\/madmikel.de\/wp-content\/uploads\/2015\/11\/Sardinien-2015-397.jpg\"><img loading=\"lazy\" decoding=\"async\" class=\"alignnone size-medium wp-image-17\" src=\"http:\/\/madmikel.de\/wp-content\/uploads\/2015\/11\/Sardinien-2015-397-300x225.jpg\" alt=\"Sardinien 2015 397\" width=\"300\" height=\"225\" srcset=\"https:\/\/moto-route.de\/wp-content\/uploads\/2015\/11\/Sardinien-2015-397-300x225.jpg 300w, https:\/\/moto-route.de\/wp-content\/uploads\/2015\/11\/Sardinien-2015-397.jpg 1024w\" sizes=\"auto, (max-width: 300px) 100vw, 300px\" \/><\/a><\/p>\n<p>Mein Name ist Michael, ich komme aus Mannheim. Mittlerweile\u00a0lebe ich\u00a0in der Pfalz. Schon immer interessierte ich mich f\u00fcr alles mit 2- und 4 R\u00e4dern nat\u00fcrlich mit Motor. Schon damals, im Alter von 15 Jahren, machte ich mit meinem Mofa, einer Hercules M5, auf den\u00a0Weg nach Frankreich.\u00a0Was f\u00fcr mich damals schon ein\u00a0gro\u00dfes Abenteuer war. Wahrscheinlich kommt daher meine Liebe zu Frankreich ;-).<\/p>\n<p>Da ich\u00a0eher\u00a0die Sonne und das Warme liebe trifft man mich mit dem Motorrad eher in S\u00fcd- oder S\u00fcdost Europa an. Die Westalpen und die Pyren\u00e4en haben es mir besonders angetan. Vielleicht trifft man sich ja mal unterwegs, die Welt ist ja bekanntlich klein.<\/p>\n<p>Ich w\u00fcnsche euch nun viel\u00a0Spa\u00df beim st\u00f6bern in den\u00a0 Beitr\u00e4gen, gerne d\u00fcrft\u00a0ihr auch einen Kommentar hinterlassen<\/p>\n<p><span style=\"text-decoration: underline;\"><strong>Aktuelles\u00a0findet ihr unter &#8222;neueste Beitr\u00e4ge&#8220;<\/strong><\/span><\/p>\n<p>Euer Michael<\/p>\n","protected":false},"excerpt":{"rendered":"<p>Auf meiner Hompage Mein Name ist Michael, ich komme aus Mannheim. Mittlerweile\u00a0lebe ich\u00a0in der Pfalz. Schon immer interessierte ich mich f\u00fcr alles mit 2- und 4 R\u00e4dern nat\u00fcrlich mit Motor. Schon damals, im Alter von 15 Jahren, machte ich mit meinem Mofa, einer Hercules M5, auf den\u00a0Weg nach Frankreich.\u00a0Was f\u00fcr mich damals schon ein\u00a0gro\u00dfes Abenteuer &hellip; <a href=\"https:\/\/moto-route.de\/\" class=\"more-link\"><span class=\"screen-reader-text\">Herzlich Willkommen<\/span> weiterlesen <span class=\"meta-nav\">&rarr;<\/span><\/a><\/p>\n","protected":false},"author":1,"featured_media":0,"parent":0,"menu_order":0,"comment_status":"closed","ping_status":"open","template":"","meta":{"footnotes":""},"class_list":["post-2","page","type-page","status-publish","hentry"],"_links":{"self":[{"href":"https:\/\/moto-route.de\/index.php?rest_route=\/wp\/v2\/pages\/2","targetHints":{"allow":["GET"]}}],"collection":[{"href":"https:\/\/moto-route.de\/index.php?rest_route=\/wp\/v2\/pages"}],"about":[{"href":"https:\/\/moto-route.de\/index.php?rest_route=\/wp\/v2\/types\/page"}],"author":[{"embeddable":true,"href":"https:\/\/moto-route.de\/index.php?rest_route=\/wp\/v2\/users\/1"}],"replies":[{"embeddable":true,"href":"https:\/\/moto-route.de\/index.php?rest_route=%2Fwp%2Fv2%2Fcomments&post=2"}],"version-history":[{"count":20,"href":"https:\/\/moto-route.de\/index.php?rest_route=\/wp\/v2\/pages\/2\/revisions"}],"predecessor-version":[{"id":2209,"href":"https:\/\/moto-route.de\/index.php?rest_route=\/wp\/v2\/pages\/2\/revisions\/2209"}],"wp:attachment":[{"href":"https:\/\/moto-route.de\/index.php?rest_route=%2Fwp%2Fv2%2Fmedia&parent=2"}],"curies":[{"name":"wp","href":"https:\/\/api.w.org\/{rel}","templated":true}]}}