{"id":1715,"date":"2018-02-04T22:08:22","date_gmt":"2018-02-04T21:08:22","guid":{"rendered":"http:\/\/moto-route.de\/?page_id=1715"},"modified":"2018-02-04T22:08:31","modified_gmt":"2018-02-04T21:08:31","slug":"das-zelt","status":"publish","type":"page","link":"https:\/\/moto-route.de\/?page_id=1715","title":{"rendered":"Das Zelt"},"content":{"rendered":"<p>Ich benutze seit einigen Jahren das Lone Rider Moto-tent und bin sehr zufrieden damit. Nur das Packma\u00df ist ein wenig gew\u00f6hnungsbed\u00fcrftig. Das Zelt ist relativ schnell auf und abgebaut. Es bietet reichlich Platz auch mal bei schlechtem Wetter. F\u00fcr mich war entscheidend das ich in dem Zelt stehen kann.<\/p>\n<p>&nbsp;<\/p>\n","protected":false},"excerpt":{"rendered":"<p>Ich benutze seit einigen Jahren das Lone Rider Moto-tent und bin sehr zufrieden damit. Nur das Packma\u00df ist ein wenig gew\u00f6hnungsbed\u00fcrftig. Das Zelt ist relativ schnell auf und abgebaut. Es bietet reichlich Platz auch mal bei schlechtem Wetter. F\u00fcr mich war entscheidend das ich in dem Zelt stehen kann. &nbsp;<\/p>\n","protected":false},"author":1,"featured_media":1172,"parent":1711,"menu_order":0,"comment_status":"closed","ping_status":"closed","template":"","meta":{"footnotes":""},"class_list":["post-1715","page","type-page","status-publish","has-post-thumbnail","hentry"],"_links":{"self":[{"href":"https:\/\/moto-route.de\/index.php?rest_route=\/wp\/v2\/pages\/1715","targetHints":{"allow":["GET"]}}],"collection":[{"href":"https:\/\/moto-route.de\/index.php?rest_route=\/wp\/v2\/pages"}],"about":[{"href":"https:\/\/moto-route.de\/index.php?rest_route=\/wp\/v2\/types\/page"}],"author":[{"embeddable":true,"href":"https:\/\/moto-route.de\/index.php?rest_route=\/wp\/v2\/users\/1"}],"replies":[{"embeddable":true,"href":"https:\/\/moto-route.de\/index.php?rest_route=%2Fwp%2Fv2%2Fcomments&post=1715"}],"version-history":[{"count":1,"href":"https:\/\/moto-route.de\/index.php?rest_route=\/wp\/v2\/pages\/1715\/revisions"}],"predecessor-version":[{"id":1716,"href":"https:\/\/moto-route.de\/index.php?rest_route=\/wp\/v2\/pages\/1715\/revisions\/1716"}],"up":[{"embeddable":true,"href":"https:\/\/moto-route.de\/index.php?rest_route=\/wp\/v2\/pages\/1711"}],"wp:featuredmedia":[{"embeddable":true,"href":"https:\/\/moto-route.de\/index.php?rest_route=\/wp\/v2\/media\/1172"}],"wp:attachment":[{"href":"https:\/\/moto-route.de\/index.php?rest_route=%2Fwp%2Fv2%2Fmedia&parent=1715"}],"curies":[{"name":"wp","href":"https:\/\/api.w.org\/{rel}","templated":true}]}}